{"id":84,"date":"2024-12-26T23:45:32","date_gmt":"2024-12-26T22:45:32","guid":{"rendered":"https:\/\/16min.fr\/?page_id=84"},"modified":"2024-12-26T23:45:32","modified_gmt":"2024-12-26T22:45:32","slug":"termes-et-conditions-generales","status":"publish","type":"page","link":"https:\/\/16min.fr\/inscription\/termes-et-conditions-generales\/","title":{"rendered":"Termes et conditions g\u00e9n\u00e9rales"},"content":{"rendered":"<p><em>Les conditions g\u00e9n\u00e9rales ont \u00e9t\u00e9 mises \u00e0 jour pour la derni\u00e8re fois le 10 septembre 2024<\/em><\/p>\n<h2><strong> 1. Pr\u00e9sentation<\/strong><\/h2>\n<p>Les pr\u00e9sentes conditions g\u00e9n\u00e9rales s\u2019appliquent \u00e0 ce site Web et aux transactions li\u00e9es \u00e0 nos produits et services. Vous pouvez \u00eatre li\u00e9 par des contrats suppl\u00e9mentaires li\u00e9s \u00e0 votre relation avec nous ou \u00e0 tout produit ou service que vous recevez de notre part. Si l\u2019une des dispositions des contrats suppl\u00e9mentaires entre en conflit avec l\u2019une des dispositions des pr\u00e9sentes Conditions, les dispositions de ces contrats suppl\u00e9mentaires pr\u00e9vaudront et pr\u00e9vaudront.<\/p>\n<h2><strong> 2. Acceptation des pr\u00e9sentes conditions g\u00e9n\u00e9rales<\/strong><\/h2>\n<p>En vous inscrivant, en acc\u00e9dant ou en utilisant ce site Web, vous acceptez par la pr\u00e9sente d\u2019\u00eatre li\u00e9 par les pr\u00e9sentes conditions g\u00e9n\u00e9rales \u00e9nonc\u00e9es ci-dessous. La simple utilisation de ce site web implique la connaissance et l\u2019acceptation des pr\u00e9sentes conditions g\u00e9n\u00e9rales. Dans certains cas particuliers, nous pouvons \u00e9galement vous demander d\u2019accepter explicitement.<\/p>\n<h2><strong> 3. Communication \u00e9lectronique<\/strong><\/h2>\n<p>En utilisant ce site Web ou en communiquant avec nous par voie \u00e9lectronique, vous acceptez et reconnaissez que nous pouvons communiquer avec vous par voie \u00e9lectronique sur notre site Web ou en vous envoyant un e-mail, et vous acceptez que tous les accords, avis, divulgations et autres communications que nous vous fournissons par voie \u00e9lectronique satisfassent \u00e0 toute exigence l\u00e9gale, y compris, mais sans s\u2019y limiter, l\u2019exigence que ces communications doivent \u00eatre \u00e9crites.<\/p>\n<h2><strong> 4. Propri\u00e9t\u00e9 intellectuelle<\/strong><\/h2>\n<p>Nous ou nos conc\u00e9dants de licence poss\u00e9dons et contr\u00f4lons tous les droits d\u2019auteur et autres droits de propri\u00e9t\u00e9 intellectuelle sur le site Web et les donn\u00e9es, informations et autres ressources affich\u00e9es par ou accessibles sur le site Web.<\/p>\n<p>4.1 Tous les droits sont r\u00e9serv\u00e9s<\/p>\n<p>Sauf indication contraire d\u2019un contenu sp\u00e9cifique, aucune licence ni aucun autre droit ne vous sont accord\u00e9s en vertu du droit d\u2019auteur, de la marque d\u00e9pos\u00e9e, du brevet ou d\u2019autres droits de propri\u00e9t\u00e9 intellectuelle. Cela signifie que vous n\u2019utiliserez pas, ne copierez pas, ne reproduirez pas, n\u2019ex\u00e9cuterez pas, n\u2019afficherez pas, ne distribuerez pas, n\u2019int\u00e9grerez pas dans tout support \u00e9lectronique, ne modifierez pas, ne ferez pas d\u2019ing\u00e9nierie inverse, ne d\u00e9compilerez pas, ne transf\u00e9rerez pas, ne t\u00e9l\u00e9chargerez pas, ne transmettrez pas, ne vendrez pas, ne commercialiserez pas ou ne commercialiserez aucune ressource de ce site Web sous quelque forme que ce soit, sans notre autorisation \u00e9crite pr\u00e9alable, sauf et uniquement dans la mesure o\u00f9 cela est stipul\u00e9 dans les r\u00e9glementations de droit imp\u00e9ratif (telles que le droit de citation).<\/p>\n<h2><strong> 5. Bulletin d\u2019information<\/strong><\/h2>\n<p>Nonobstant ce qui pr\u00e9c\u00e8de, vous pouvez transmettre notre bulletin d\u2019information sous forme \u00e9lectronique \u00e0 d\u2019autres personnes susceptibles d\u2019\u00eatre int\u00e9ress\u00e9es \u00e0 visiter notre site Web.<\/p>\n<h2><strong> 6. Propri\u00e9t\u00e9 de tiers<\/strong><\/h2>\n<p>Notre site Web peut inclure des hyperliens ou d\u2019autres r\u00e9f\u00e9rences aux sites Web d\u2019autres parties. Nous ne surveillons ni n\u2019examinons le contenu des sites Web d\u2019autres parties qui sont li\u00e9s \u00e0 partir de ce site Web. Les produits ou services propos\u00e9s par d\u2019autres sites Web sont soumis aux conditions g\u00e9n\u00e9rales applicables de ces tiers. Les opinions exprim\u00e9es ou le mat\u00e9riel apparaissant sur ces sites Web ne sont pas n\u00e9cessairement partag\u00e9s ou approuv\u00e9s par nous.<\/p>\n<p>Nous ne serons pas responsables des pratiques de confidentialit\u00e9 ou du contenu de ces sites. Vous assumez tous les risques associ\u00e9s \u00e0 l\u2019utilisation de ces sites Web et de tout service tiers associ\u00e9. Nous n\u2019accepterons aucune responsabilit\u00e9 pour toute perte ou dommage, de quelque mani\u00e8re que ce soit, quelle qu\u2019en soit la cause, r\u00e9sultant de votre divulgation \u00e0 des tiers d\u2019informations personnelles.<\/p>\n<h2><strong> 7. Utilisation responsable<\/strong><\/h2>\n<p>En visitant notre site Web, vous acceptez de l\u2019utiliser uniquement aux fins pr\u00e9vues et autoris\u00e9es par les pr\u00e9sentes Conditions, tout contrat suppl\u00e9mentaire avec nous et les lois et r\u00e9glementations applicables, ainsi que les pratiques en ligne g\u00e9n\u00e9ralement accept\u00e9es et les directives de l\u2019industrie. Vous ne devez pas utiliser notre site Web ou nos services pour utiliser, publier ou distribuer du mat\u00e9riel qui consiste en (ou qui est li\u00e9 \u00e0) un logiciel informatique malveillant ; Utiliser les donn\u00e9es collect\u00e9es sur notre site Web pour toute activit\u00e9 de marketing direct, ou mener des activit\u00e9s de collecte de donn\u00e9es syst\u00e9matiques ou automatis\u00e9es sur ou en relation avec notre site Web.<\/p>\n<p>Il est strictement interdit de s\u2019engager dans toute activit\u00e9 qui cause, ou pourrait causer, des dommages au site Web ou qui interf\u00e8re avec la performance, la disponibilit\u00e9 ou l\u2019accessibilit\u00e9 du site Web.<\/p>\n<h2><strong> 8. Inscription<\/strong><\/h2>\n<p>Vous pouvez cr\u00e9er un compte sur notre site Web. Au cours de ce processus, il peut vous \u00eatre demand\u00e9 de choisir un mot de passe. Vous \u00eates responsable du maintien de la confidentialit\u00e9 des mots de passe et des informations de compte et acceptez de ne pas partager vos mots de passe, vos informations de compte ou votre acc\u00e8s s\u00e9curis\u00e9 \u00e0 notre site Web ou \u00e0 nos services avec toute autre personne. Vous ne devez pas permettre \u00e0 une autre personne d\u2019utiliser votre compte pour acc\u00e9der au site Web, car vous \u00eates responsable de toutes les activit\u00e9s qui se produisent par l\u2019utilisation de vos mots de passe ou de vos comptes. Vous devez nous informer imm\u00e9diatement si vous avez connaissance de la divulgation de votre mot de passe.<\/p>\n<p>Apr\u00e8s la r\u00e9siliation du compte, vous ne tenterez pas d\u2019enregistrer un nouveau compte sans notre autorisation.<\/p>\n<h2><strong> 9. Soumission de l\u2019id\u00e9e<\/strong><\/h2>\n<p>Ne soumettez pas d\u2019id\u00e9es, d\u2019inventions, d\u2019\u0153uvres d\u2019auteur ou d\u2019autres informations pouvant \u00eatre consid\u00e9r\u00e9es comme votre propre propri\u00e9t\u00e9 intellectuelle que vous souhaitez nous pr\u00e9senter, \u00e0 moins que nous n\u2019ayons d\u2019abord sign\u00e9 un accord concernant la propri\u00e9t\u00e9 intellectuelle ou un accord de non-divulgation. Si vous nous les divulguez en l\u2019absence d\u2019un tel accord \u00e9crit, vous nous accordez une licence mondiale, irr\u00e9vocable, non exclusive et libre de droits pour utiliser, reproduire, stocker, adapter, publier, traduire et distribuer votre contenu dans tout m\u00e9dia existant ou futur.<\/p>\n<h2><strong> 10. R\u00e9siliation de l\u2019utilisation<\/strong><\/h2>\n<p>Nous pouvons, \u00e0 notre seule discr\u00e9tion, \u00e0 tout moment modifier ou interrompre l\u2019acc\u00e8s, temporairement ou d\u00e9finitivement, au site Web ou \u00e0 tout service qui s\u2019y trouve. Vous acceptez que nous ne soyons pas responsables envers vous ou un tiers d\u2019une telle modification, suspension ou interruption de votre acc\u00e8s ou de votre utilisation du site Web ou de tout contenu que vous avez pu partager sur le site Web. Vous n\u2019aurez droit \u00e0 aucune compensation ou autre paiement, m\u00eame si certaines fonctionnalit\u00e9s, param\u00e8tres et\/ou tout contenu auquel vous avez contribu\u00e9 ou sur lequel vous comptez, sont d\u00e9finitivement perdus. Vous ne devez pas contourner ou contourner, ou tenter de contourner ou de contourner, les mesures de restriction d\u2019acc\u00e8s \u00e0 notre site Web.<\/p>\n<h2><strong> 11. Garanties et responsabilit\u00e9<\/strong><\/h2>\n<p>Rien dans cette section ne limitera ou n\u2019exclura toute garantie implicite par la loi qu\u2019il serait ill\u00e9gal de limiter ou d\u2019exclure. Ce site Web et tout le contenu du site Web sont fournis \u00ab tels quels \u00bb et \u00ab tels que disponibles \u00bb et peuvent inclure des inexactitudes ou des erreurs typographiques. Nous d\u00e9clinons express\u00e9ment toute garantie de quelque nature que ce soit, expresse ou implicite, quant \u00e0 la disponibilit\u00e9, l\u2019exactitude ou l\u2019exhaustivit\u00e9 du contenu. Nous ne garantissons pas que :<\/p>\n<ul>\n<li>Ce site Web ou nos produits ou services r\u00e9pondront \u00e0 vos exigences ;<\/li>\n<li>Ce site Web sera disponible de mani\u00e8re ininterrompue, opportune, s\u00e9curis\u00e9e ou sans erreur ;<\/li>\n<li>La qualit\u00e9 de tout produit ou service achet\u00e9 ou obtenu par vous par l\u2019interm\u00e9diaire de ce site Web r\u00e9pondra \u00e0 vos attentes.<\/li>\n<\/ul>\n<p>Rien sur ce site Web ne constitue ou n\u2019est destin\u00e9 \u00e0 constituer un conseil juridique, financier ou m\u00e9dical de quelque nature que ce soit. Si vous avez besoin de conseils, vous devez consulter un professionnel appropri\u00e9.<\/p>\n<p>Les dispositions suivantes de la pr\u00e9sente section s\u2019appliqueront dans la mesure maximale permise par la loi applicable et ne limiteront ni n\u2019excluront notre responsabilit\u00e9 \u00e0 l\u2019\u00e9gard de toute question qu\u2019il serait ill\u00e9gal ou ill\u00e9gal pour nous de limiter ou d\u2019exclure notre responsabilit\u00e9. En aucun cas, nous ne serons responsables des dommages directs ou indirects (y compris les dommages pour perte de profits ou de revenus, perte ou corruption de donn\u00e9es, de logiciels ou de bases de donn\u00e9es, ou perte ou dommage \u00e0 la propri\u00e9t\u00e9 ou aux donn\u00e9es) subis par vous ou un tiers, d\u00e9coulant de votre acc\u00e8s \u00e0 notre site Web ou de votre utilisation de celui-ci.<\/p>\n<p>Sauf dans la mesure o\u00f9 tout contrat suppl\u00e9mentaire stipule express\u00e9ment le contraire, notre responsabilit\u00e9 maximale envers-vous pour tous les dommages d\u00e9coulant de ou li\u00e9s au site Web ou \u00e0 tout produit et service commercialis\u00e9 ou vendu par le biais du site Web, quelle que soit la forme d\u2019action en justice qui impose une responsabilit\u00e9 (que ce soit en mati\u00e8re contractuelle, d\u2019\u00e9quit\u00e9, de n\u00e9gligence, de conduite intentionnelle, d\u00e9lictuelle ou autre) sera limit\u00e9e au prix total que vous nous avez pay\u00e9 pour acheter ces produits ou services ou utilisez le site Web. Cette limite s\u2019appliquera dans son ensemble \u00e0 toutes vos r\u00e9clamations, actions et causes d\u2019action de toute sorte et nature.<\/p>\n<h2><strong> 12. Confidentialit\u00e9<\/strong><\/h2>\n<p>Pour acc\u00e9der \u00e0 notre site Web et\/ou \u00e0 nos services, il peut vous \u00eatre demand\u00e9 de fournir certaines informations vous concernant dans le cadre du processus d\u2019inscription. Vous acceptez que toutes les informations que vous fournissez soient toujours exactes, correctes et \u00e0 jour.<\/p>\n<p>Nous prenons vos donn\u00e9es personnelles au s\u00e9rieux et nous nous engageons \u00e0 prot\u00e9ger votre vie priv\u00e9e. Nous n\u2019utiliserons pas votre adresse e-mail pour du courrier non sollicit\u00e9. Les e-mails que nous vous envoyons ne seront li\u00e9s qu\u2019\u00e0 la fourniture de produits ou de services convenus.<\/p>\n<p>Nous avons \u00e9labor\u00e9 une politique pour r\u00e9pondre \u00e0 toutes les pr\u00e9occupations que vous pourriez avoir en mati\u00e8re de confidentialit\u00e9. Pour plus d\u2019informations, veuillez consulter notre <a href=\"https:\/\/ecriture-plaisir.fr\/inscription\/index.php\/politique-de-confidentialite\/\">D\u00e9claration de confidentialit\u00e9<\/a>.<\/p>\n<h2><strong> 13. Accessibilit\u00e9<\/strong><\/h2>\n<p>Nous nous engageons \u00e0 rendre le contenu que nous fournissons accessible aux personnes handicap\u00e9es. Si vous avez un handicap et que vous n\u2019\u00eates pas en mesure d\u2019acc\u00e9der \u00e0 une partie de notre site Web en raison de votre handicap, nous vous demandons de nous en aviser et d\u2019y inclure une description d\u00e9taill\u00e9e du probl\u00e8me que vous avez rencontr\u00e9. Si le probl\u00e8me est facilement identifiable et r\u00e9solu conform\u00e9ment aux outils et techniques de technologie de l\u2019information standard de l\u2019industrie, nous le r\u00e9soudrons rapidement.<\/p>\n<h2><strong> 14. Restrictions \u00e0 l\u2019exportation \/ Conformit\u00e9 l\u00e9gale<\/strong><\/h2>\n<p>L\u2019acc\u00e8s au site Web \u00e0 partir de territoires ou de pays o\u00f9 le contenu ou l\u2019achat des produits ou services vendus sur le site Web est ill\u00e9gal est interdit. Vous ne pouvez pas utiliser ce site Web en violation des lois et r\u00e8glements d\u2019exportation de la France.<\/p>\n<h2><strong> 15. Cession<\/strong><\/h2>\n<p>Vous n\u2019\u00eates pas autoris\u00e9 \u00e0 c\u00e9der, transf\u00e9rer ou sous-traiter l\u2019un de vos droits et\/ou obligations en vertu des pr\u00e9sentes conditions g\u00e9n\u00e9rales, en tout ou en partie, \u00e0 un tiers sans notre consentement \u00e9crit pr\u00e9alable. Toute pr\u00e9tendue cession en violation de la pr\u00e9sente section sera nulle et non avenue.<\/p>\n<h2><strong> 16. Violations des pr\u00e9sentes conditions g\u00e9n\u00e9rales<\/strong><\/h2>\n<p>Sans pr\u00e9judice de nos autres droits en vertu des pr\u00e9sentes conditions g\u00e9n\u00e9rales, si vous enfreignez les pr\u00e9sentes conditions g\u00e9n\u00e9rales de quelque mani\u00e8re que ce soit, nous pouvons prendre les mesures que nous jugeons appropri\u00e9es pour traiter la violation, y compris la suspension temporaire ou permanente de votre acc\u00e8s au site Web, en contactant votre fournisseur d\u2019acc\u00e8s \u00e0 Internet pour lui demander de bloquer votre acc\u00e8s au site Web, et\/ou intenter une action en justice contre vous.<\/p>\n<h2><strong> 17. Force majeure<\/strong><\/h2>\n<p>\u00c0 l\u2019exception des obligations de paiement en vertu des pr\u00e9sentes, aucun retard, manquement ou omission de la part de l\u2019une ou l\u2019autre des parties d\u2019ex\u00e9cuter ou d\u2019observer l\u2019une de ses obligations en vertu des pr\u00e9sentes ne sera consid\u00e9r\u00e9 comme une violation des pr\u00e9sentes conditions g\u00e9n\u00e9rales si et aussi longtemps que ce retard, cette d\u00e9faillance ou cette omission d\u00e9coule d\u2019une cause ind\u00e9pendante de la volont\u00e9 raisonnable de cette partie.<\/p>\n<h2><strong> 18. Indemnisation<\/strong><\/h2>\n<p>Vous acceptez de nous indemniser, de nous d\u00e9fendre et de nous d\u00e9gager de toute responsabilit\u00e9 \u00e0 l\u2019\u00e9gard de toutes r\u00e9clamations, responsabilit\u00e9s, dommages, pertes et d\u00e9penses, li\u00e9s \u00e0 votre violation des pr\u00e9sentes conditions g\u00e9n\u00e9rales et des lois applicables, y compris les droits de propri\u00e9t\u00e9 intellectuelle et les droits \u00e0 la vie priv\u00e9e. Vous nous rembourserez rapidement nos dommages, pertes, co\u00fbts et d\u00e9penses li\u00e9s \u00e0 ou d\u00e9coulant de telles r\u00e9clamations.<\/p>\n<h2><strong> 12. Renonciation<\/strong><\/h2>\n<p>Le fait de ne pas appliquer l\u2019une des dispositions \u00e9nonc\u00e9es dans les pr\u00e9sentes Conditions g\u00e9n\u00e9rales et tout Accord, ou de ne pas exercer une option de r\u00e9siliation, ne doit pas \u00eatre interpr\u00e9t\u00e9 comme une renonciation \u00e0 ces dispositions et n\u2019affecte pas la validit\u00e9 des pr\u00e9sentes Conditions g\u00e9n\u00e9rales ou de tout Accord ou de toute partie de celui-ci, ou le droit ult\u00e9rieur d\u2019appliquer chaque disposition.<\/p>\n<h2><strong> 20. Langue<\/strong><\/h2>\n<p>Les pr\u00e9sentes Conditions G\u00e9n\u00e9rales seront interpr\u00e9t\u00e9es et interpr\u00e9t\u00e9es exclusivement en langue fran\u00e7aise. Tous les avis et la correspondance seront r\u00e9dig\u00e9s exclusivement dans cette langue.<\/p>\n<h2><strong> 21. Int\u00e9gralit\u00e9 de l\u2019accord<\/strong><\/h2>\n<p>Les pr\u00e9sentes conditions g\u00e9n\u00e9rales, ainsi que notre <a href=\"https:\/\/ecriture-plaisir.fr\/inscription\/index.php\/terms-and-conditions\/\">d\u00e9claration de confidentialit\u00e9<\/a> et notre <a href=\"https:\/\/ecriture-plaisir.fr\/inscription\/index.php\/terms-and-conditions\/\">politique en mati\u00e8re de cookies<\/a>, constituent l\u2019int\u00e9gralit\u00e9 de l\u2019accord entre vous et Racontez-leur votre histoire (association loi 1901) en ce qui concerne votre utilisation de ce site Web.<\/p>\n<h2><strong> 22. Mise \u00e0 jour des pr\u00e9sentes Conditions G\u00e9n\u00e9rales<\/strong><\/h2>\n<p>Nous pouvons mettre \u00e0 jour les pr\u00e9sentes conditions g\u00e9n\u00e9rales de temps \u00e0 autre. La date indiqu\u00e9e au d\u00e9but des pr\u00e9sentes conditions g\u00e9n\u00e9rales est la date de r\u00e9vision la plus tardive. Nous vous informerons par \u00e9crit de tout changement ou mise \u00e0 jour, et les conditions g\u00e9n\u00e9rales r\u00e9vis\u00e9es entreront en vigueur \u00e0 compter de la date \u00e0 laquelle nous vous donnerons un tel avis. Votre utilisation continue de ce site Web apr\u00e8s la publication de modifications ou de mises \u00e0 jour sera consid\u00e9r\u00e9e comme un avis de votre acceptation de respecter et d\u2019\u00eatre li\u00e9 par ces conditions g\u00e9n\u00e9rales. Pour demander une version ant\u00e9rieure des pr\u00e9sentes conditions g\u00e9n\u00e9rales, veuillez nous contacter.<\/p>\n<h2><strong> 23. Choix de la loi applicable et de la juridiction comp\u00e9tente<\/strong><\/h2>\n<p>Les pr\u00e9sentes conditions g\u00e9n\u00e9rales sont r\u00e9gies par le droit fran\u00e7ais. Tout litige relatif aux pr\u00e9sentes Conditions G\u00e9n\u00e9rales sera soumis \u00e0 la comp\u00e9tence des tribunaux fran\u00e7ais. Si une partie ou une disposition des pr\u00e9sentes Conditions g\u00e9n\u00e9rales est jug\u00e9e invalide et\/ou inapplicable par un tribunal ou une autre autorit\u00e9 en vertu de la loi applicable, cette partie ou disposition sera modifi\u00e9e, supprim\u00e9e et\/ou appliqu\u00e9e dans toute la mesure permise afin de donner effet \u00e0 l\u2019intention des pr\u00e9sentes Conditions g\u00e9n\u00e9rales. Les autres dispositions n\u2019en seront pas affect\u00e9es.<\/p>\n<h2><strong> 24. Coordonn\u00e9es<\/strong><\/h2>\n<p>Ce site est d\u00e9tenu et exploit\u00e9 par Racontez-leur votre histoire (association loi 1901).<\/p>\n<p>Vous pouvez nous contacter au sujet des pr\u00e9sentes conditions g\u00e9n\u00e9rales via notre <a href=\"https:\/\/ecriture-plaisir.fr\/inscription\/contact\/\"> page de contact<\/a>.<\/p>\n","protected":false},"excerpt":{"rendered":"<p>Les conditions g\u00e9n\u00e9rales ont \u00e9t\u00e9 mises \u00e0 jour pour la derni\u00e8re fois le 10 septembre 2024 1. Pr\u00e9sentation Les pr\u00e9sentes conditions g\u00e9n\u00e9rales s\u2019appliquent \u00e0 ce site Web et aux transactions li\u00e9es \u00e0 nos produits et services. Vous pouvez \u00eatre li\u00e9 par des contrats suppl\u00e9mentaires li\u00e9s \u00e0 votre relation avec nous ou \u00e0 tout produit ou &#8230; <a title=\"Termes et conditions g\u00e9n\u00e9rales\" class=\"read-more\" href=\"https:\/\/16min.fr\/inscription\/termes-et-conditions-generales\/\" aria-label=\"En savoir plus sur Termes et conditions g\u00e9n\u00e9rales\">Lire la suite<\/a><\/p>\n","protected":false},"author":1,"featured_media":0,"parent":0,"menu_order":0,"comment_status":"closed","ping_status":"closed","template":"","meta":{"footnotes":""},"class_list":["post-84","page","type-page","status-publish"],"_links":{"self":[{"href":"https:\/\/16min.fr\/inscription\/wp-json\/wp\/v2\/pages\/84","targetHints":{"allow":["GET"]}}],"collection":[{"href":"https:\/\/16min.fr\/inscription\/wp-json\/wp\/v2\/pages"}],"about":[{"href":"https:\/\/16min.fr\/inscription\/wp-json\/wp\/v2\/types\/page"}],"author":[{"embeddable":true,"href":"https:\/\/16min.fr\/inscription\/wp-json\/wp\/v2\/users\/1"}],"replies":[{"embeddable":true,"href":"https:\/\/16min.fr\/inscription\/wp-json\/wp\/v2\/comments?post=84"}],"version-history":[{"count":1,"href":"https:\/\/16min.fr\/inscription\/wp-json\/wp\/v2\/pages\/84\/revisions"}],"predecessor-version":[{"id":86,"href":"https:\/\/16min.fr\/inscription\/wp-json\/wp\/v2\/pages\/84\/revisions\/86"}],"wp:attachment":[{"href":"https:\/\/16min.fr\/inscription\/wp-json\/wp\/v2\/media?parent=84"}],"curies":[{"name":"wp","href":"https:\/\/api.w.org\/{rel}","templated":true}]}}