{"id":32,"date":"2024-12-07T11:33:55","date_gmt":"2024-12-07T10:33:55","guid":{"rendered":"https:\/\/16min.fr\/?post_type=product&#038;p=32"},"modified":"2025-02-09T08:14:23","modified_gmt":"2025-02-09T07:14:23","slug":"challenge-16-min","status":"publish","type":"product","link":"https:\/\/16min.fr\/inscription\/produit\/challenge-16-min\/","title":{"rendered":"Parcours d&rsquo;\u00e9criture 16 min."},"content":{"rendered":"<section id=\"section-203-9\" class=\" ct-section\">\n<div class=\"ct-section-inner-wrap\">\n<div id=\"div_block-206-9\" class=\"ct-div-block\">\n<h1 id=\"headline-207-9\" class=\"ct-headline onepage-heading-one\"><span style=\"color: #993366;\">\u00c9crivez 16 minutes par jour, pendant 30 jours, avec l&rsquo;aide d&rsquo;un coach !<\/span><\/h1>\n<div id=\"text_block-218-9\" class=\"ct-text-block \">Nous vous proposons un parcours d&rsquo;\u00e9criture d&rsquo;un mois (30 jours) qui va vous permettre d&rsquo;am\u00e9liorer votre imagination et votre fa\u00e7on d&rsquo;\u00e9crire.<\/div>\n<div>\n<div id=\"div_block-293-9\" class=\"ct-div-block BenefitWrapper\">\n<div id=\"div_block-623-9\" class=\"ct-div-block onepage-benefit-wrapper\">\n<h1 id=\"text_block-586-9\" class=\"ct-text-block onepage-benefits-number\"><span style=\"color: #0000ff;\">01<\/span><\/h1>\n<h4 id=\"headline-597-9\" class=\"ct-headline onepage-benefits-title\">Le principe est simple : tous les 2 jours, vous recevez un e-mail avec le th\u00e8me d&rsquo;\u00e9criture du jour et de pr\u00e9cieux conseils.<\/h4>\n<h1 id=\"text_block-588-9\" class=\"ct-text-block onepage-benefits-number\"><span style=\"color: #0000ff;\">02<\/span><\/h1>\n<h4 id=\"headline-608-9\" class=\"ct-headline onepage-benefits-title\">Vous \u00e9crivez, chez vous, \u00e0 votre rythme, sans pression, petit \u00e0 petit, chaque jour&#8230; ou quand vous le d\u00e9sirez !<\/h4>\n<div id=\"div_block-634-9\" class=\"ct-div-block onepage-benefit-wrapper\">\n<h1 id=\"text_block-590-9\" class=\"ct-text-block onepage-benefits-number\"><span style=\"color: #0000ff;\">03<\/span><\/h1>\n<h4 id=\"headline-600-9\" class=\"ct-headline onepage-benefits-title\">Vous \u00eates soutenu(e) par notre \u00e9quipe et la progression est con\u00e7ue pour tous, m\u00eames pour les d\u00e9butants !<\/h4>\n<h1 id=\"text_block-592-9\" class=\"ct-text-block onepage-benefits-number\"><span style=\"color: #0000ff;\">04<\/span><\/h1>\n<h4 id=\"headline-610-9\" class=\"ct-headline onepage-benefits-title\">Vous d\u00e9couvrez ainsi le plaisir d&rsquo;\u00e9crire de chez vous, guid\u00e9(e), conseill\u00e9(e) et avec la libert\u00e9 en plus !<\/h4>\n<\/div>\n<\/div>\n<\/div>\n<\/div>\n<\/div>\n<\/div>\n<\/section>\n","protected":false},"excerpt":{"rendered":"<p>15 propositions d&rsquo;\u00e9criture re\u00e7ues par e-mail (1 tous les 2 jours) + de nombreux conseils.<br \/>\nPossibilit\u00e9 d&rsquo;entrer en contact avec un coach d&rsquo;\u00e9criture par e-mail.<br \/>\nSans engagement de votre part.<\/p>\n<p>Service assur\u00e9 par des b\u00e9n\u00e9voles de l&rsquo;association : \u00ab\u00a0Racontez-leur votre Histoire\u00a0\u00bb et \u00ab\u00a0\u00c9criture Plaisir\u00a0\u00bb<br \/>\n32 rue Henri Faisans &#8211; 64000 Pau &#8211; France<\/p>\n","protected":false},"featured_media":13,"template":"","meta":[],"product_brand":[],"product_cat":[17],"product_tag":[],"class_list":{"0":"post-32","1":"product","2":"type-product","3":"status-publish","4":"has-post-thumbnail","6":"product_cat-challenges","8":"first","9":"instock","10":"sale","11":"downloadable","12":"virtual","13":"purchasable","14":"product-type-simple"},"_links":{"self":[{"href":"https:\/\/16min.fr\/inscription\/wp-json\/wp\/v2\/product\/32","targetHints":{"allow":["GET"]}}],"collection":[{"href":"https:\/\/16min.fr\/inscription\/wp-json\/wp\/v2\/product"}],"about":[{"href":"https:\/\/16min.fr\/inscription\/wp-json\/wp\/v2\/types\/product"}],"wp:featuredmedia":[{"embeddable":true,"href":"https:\/\/16min.fr\/inscription\/wp-json\/wp\/v2\/media\/13"}],"wp:attachment":[{"href":"https:\/\/16min.fr\/inscription\/wp-json\/wp\/v2\/media?parent=32"}],"wp:term":[{"taxonomy":"product_brand","embeddable":true,"href":"https:\/\/16min.fr\/inscription\/wp-json\/wp\/v2\/product_brand?post=32"},{"taxonomy":"product_cat","embeddable":true,"href":"https:\/\/16min.fr\/inscription\/wp-json\/wp\/v2\/product_cat?post=32"},{"taxonomy":"product_tag","embeddable":true,"href":"https:\/\/16min.fr\/inscription\/wp-json\/wp\/v2\/product_tag?post=32"}],"curies":[{"name":"wp","href":"https:\/\/api.w.org\/{rel}","templated":true}]}}